{"id":59108,"date":"2025-05-17T14:02:28","date_gmt":"2025-05-17T12:02:28","guid":{"rendered":"https:\/\/kefaia-trade.com\/?page_id=59108"},"modified":"2025-05-30T18:54:38","modified_gmt":"2025-05-30T16:54:38","slug":"dienstleistungen","status":"publish","type":"page","link":"https:\/\/kefaia-trade.com\/en\/dienstleistungen\/","title":{"rendered":"Services"},"content":{"rendered":"<div data-elementor-type=\"wp-page\" data-elementor-id=\"59108\" class=\"elementor elementor-59108\">\n\t\t\t\t\t\t<section class=\"elementor-section elementor-top-section elementor-element elementor-element-507c9ed elementor-section-boxed elementor-section-height-default elementor-section-height-default sc_fly_static\" data-id=\"507c9ed\" data-element_type=\"section\" data-e-type=\"section\">\n\t\t\t\t\t\t<div class=\"elementor-container elementor-column-gap-extended\">\n\t\t\t\t\t<div class=\"elementor-column elementor-col-100 elementor-top-column elementor-element elementor-element-56d4edf sc_content_align_inherit sc_layouts_column_icons_position_left sc_fly_static\" data-id=\"56d4edf\" data-element_type=\"column\" data-e-type=\"column\">\n\t\t\t<div class=\"elementor-widget-wrap elementor-element-populated\">\n\t\t\t\t\t\t<div class=\"elementor-element elementor-element-a332194 sc_fly_static elementor-widget elementor-widget-spacer\" data-id=\"a332194\" data-element_type=\"widget\" data-e-type=\"widget\" data-widget_type=\"spacer.default\">\n\t\t\t\t<div class=\"elementor-widget-container\">\n\t\t\t\t\t\t\t<div class=\"elementor-spacer\">\n\t\t\t<div class=\"elementor-spacer-inner\"><\/div>\n\t\t<\/div>\n\t\t\t\t\t\t<\/div>\n\t\t\t\t<\/div>\n\t\t\t\t\t<\/div>\n\t\t<\/div>\n\t\t\t\t\t<\/div>\n\t\t<\/section>\n\t\t\t\t<section class=\"elementor-section elementor-top-section elementor-element elementor-element-bdf25c7 elementor-section-boxed elementor-section-height-default elementor-section-height-default sc_fly_static\" data-id=\"bdf25c7\" data-element_type=\"section\" data-e-type=\"section\">\n\t\t\t\t\t\t<div class=\"elementor-container elementor-column-gap-extended\">\n\t\t\t\t\t<div class=\"elementor-column elementor-col-100 elementor-top-column elementor-element elementor-element-40f5d63 sc_content_align_inherit sc_layouts_column_icons_position_left sc_fly_static\" data-id=\"40f5d63\" data-element_type=\"column\" data-e-type=\"column\">\n\t\t\t<div class=\"elementor-widget-wrap elementor-element-populated\">\n\t\t\t\t\t\t<div class=\"elementor-element elementor-element-991e25d sc_fly_static elementor-widget elementor-widget-heading\" data-id=\"991e25d\" data-element_type=\"widget\" data-e-type=\"widget\" data-widget_type=\"heading.default\">\n\t\t\t\t<div class=\"elementor-widget-container\">\n\t\t\t\t\t<h2 class=\"elementor-heading-title elementor-size-default\">Services<\/h2>\t\t\t\t<\/div>\n\t\t\t\t<\/div>\n\t\t\t\t\t<\/div>\n\t\t<\/div>\n\t\t\t\t\t<\/div>\n\t\t<\/section>\n\t\t\t\t<section class=\"elementor-section elementor-top-section elementor-element elementor-element-cdf3c2c elementor-section-boxed elementor-section-height-default elementor-section-height-default sc_fly_static\" data-id=\"cdf3c2c\" data-element_type=\"section\" data-e-type=\"section\">\n\t\t\t\t\t\t<div class=\"elementor-container elementor-column-gap-extended\">\n\t\t\t\t\t<div class=\"elementor-column elementor-col-100 elementor-top-column elementor-element elementor-element-26aeb43 sc_content_align_inherit sc_layouts_column_icons_position_left sc_fly_static\" data-id=\"26aeb43\" data-element_type=\"column\" data-e-type=\"column\">\n\t\t\t<div class=\"elementor-widget-wrap elementor-element-populated\">\n\t\t\t\t\t\t<div class=\"elementor-element elementor-element-b021765 sc_fly_static elementor-widget elementor-widget-spacer\" data-id=\"b021765\" data-element_type=\"widget\" data-e-type=\"widget\" data-widget_type=\"spacer.default\">\n\t\t\t\t<div class=\"elementor-widget-container\">\n\t\t\t\t\t\t\t<div class=\"elementor-spacer\">\n\t\t\t<div class=\"elementor-spacer-inner\"><\/div>\n\t\t<\/div>\n\t\t\t\t\t\t<\/div>\n\t\t\t\t<\/div>\n\t\t\t\t\t<\/div>\n\t\t<\/div>\n\t\t\t\t\t<\/div>\n\t\t<\/section>\n\t\t\t\t<section class=\"elementor-section elementor-top-section elementor-element elementor-element-d62de1e elementor-section-boxed elementor-section-height-default elementor-section-height-default sc_fly_static\" data-id=\"d62de1e\" data-element_type=\"section\" data-e-type=\"section\">\n\t\t\t\t\t\t<div class=\"elementor-container elementor-column-gap-extended\">\n\t\t\t\t\t<div class=\"elementor-column elementor-col-100 elementor-top-column elementor-element elementor-element-a7ab619 sc_content_align_inherit sc_layouts_column_icons_position_left sc_fly_static\" data-id=\"a7ab619\" data-element_type=\"column\" data-e-type=\"column\">\n\t\t\t<div class=\"elementor-widget-wrap elementor-element-populated\">\n\t\t\t\t\t\t<section data-animation-type=\"sequental\" data-animation-stagger=\"\" class=\"elementor-section elementor-inner-section elementor-element elementor-element-a9d52d7 animation_type_sequental elementor-section-boxed elementor-section-height-default elementor-section-height-default sc_fly_static elementor-invisible\" data-id=\"a9d52d7\" data-element_type=\"section\" data-e-type=\"section\" data-settings=\"{&quot;animation&quot;:&quot;healthhub-fadeinup&quot;,&quot;animation_delay&quot;:100}\">\n\t\t\t\t\t\t<div class=\"elementor-container elementor-column-gap-extended\">\n\t\t\t\t\t<div class=\"elementor-column elementor-col-50 elementor-inner-column elementor-element elementor-element-1bc249d sc_content_align_inherit sc_layouts_column_icons_position_left sc_fly_static\" data-id=\"1bc249d\" data-element_type=\"column\" data-e-type=\"column\">\n\t\t\t<div class=\"elementor-widget-wrap elementor-element-populated\">\n\t\t\t\t\t\t<div class=\"elementor-element elementor-element-d11ea0c no-title sc_fly_static elementor-widget elementor-widget-image\" data-id=\"d11ea0c\" data-element_type=\"widget\" data-e-type=\"widget\" data-widget_type=\"image.default\">\n\t\t\t\t<div class=\"elementor-widget-container\">\n\t\t\t\t\t\t\t\t\t\t\t\t\t\t\t<img decoding=\"async\" src=\"https:\/\/kefaia-trade.com\/wp-content\/uploads\/elementor\/thumbs\/pallets-of-stacked-boxes-2025-04-05-05-21-43-utc-min-scaled-rgbzjb4cg2j6wrxm96dvst7h8jifuuwyhdifdp08rq.jpg\" title=\"pallets-of-stacked-boxes-2025-04-05-05-21-43-utc-min\" alt=\"pallets-of-stacked-boxes-2025-04-05-05-21-43-utc-min\" loading=\"lazy\" \/>\t\t\t\t\t\t\t\t\t\t\t\t\t\t\t<\/div>\n\t\t\t\t<\/div>\n\t\t\t\t\t<\/div>\n\t\t<\/div>\n\t\t\t\t<div class=\"elementor-column elementor-col-50 elementor-inner-column elementor-element elementor-element-f314907 sc_content_align_inherit sc_layouts_column_icons_position_left sc_fly_static\" data-id=\"f314907\" data-element_type=\"column\" data-e-type=\"column\">\n\t\t\t<div class=\"elementor-widget-wrap elementor-element-populated\">\n\t\t\t\t\t\t<div class=\"elementor-element elementor-element-c34e91c elementor-widget__width-initial sc_fly_static elementor-widget elementor-widget-trx_sc_title\" data-id=\"c34e91c\" data-element_type=\"widget\" data-e-type=\"widget\" data-widget_type=\"trx_sc_title.default\">\n\t\t\t\t<div class=\"elementor-widget-container\">\n\t\t\t\t\t<div\t\tclass=\"sc_title sc_title_default\" ><h1 class=\"sc_item_title sc_title_title sc_item_title_style_default sc_item_title_tag\"\n\t\t\t><span class=\"sc_item_title_inner\"><span class=\"sc_item_title_text\">Wholesale<\/span><\/span><\/h1><div class=\"sc_item_descr sc_title_descr sc_item_descr_with_custom_color trx_addons_inline_796758094\"><p>We have been a reliable partner in international wholesale for over a decade. Our range includes high-quality care products (e.g., under our brand Harmony Care), wellness items (e.g., under our brand Salora), as well as medical products for professional use. <\/br><\/p>\n<p>We supply hospitals, pharmacies, care facilities, specialist retailers, and many other business customers worldwide \u2013 reliably, efficiently, and individually. Our many years of experience and international network enable us to offer customized solutions at the highest quality level.<\/p>\n<\/div><\/div>\t\t\t\t<\/div>\n\t\t\t\t<\/div>\n\t\t\t\t<div class=\"elementor-element elementor-element-5aa6ccd sc_fly_static elementor-widget elementor-widget-spacer\" data-id=\"5aa6ccd\" data-element_type=\"widget\" data-e-type=\"widget\" data-widget_type=\"spacer.default\">\n\t\t\t\t<div class=\"elementor-widget-container\">\n\t\t\t\t\t\t\t<div class=\"elementor-spacer\">\n\t\t\t<div class=\"elementor-spacer-inner\"><\/div>\n\t\t<\/div>\n\t\t\t\t\t\t<\/div>\n\t\t\t\t<\/div>\n\t\t\t\t<div class=\"elementor-element elementor-element-8f9f102 no-title sc_fly_static elementor-widget elementor-widget-image\" data-id=\"8f9f102\" data-element_type=\"widget\" data-e-type=\"widget\" data-widget_type=\"image.default\">\n\t\t\t\t<div class=\"elementor-widget-container\">\n\t\t\t\t\t\t\t\t\t\t\t\t\t\t\t<img decoding=\"async\" src=\"https:\/\/kefaia-trade.com\/wp-content\/uploads\/elementor\/thumbs\/home1-min-rgbzgttpr1rqsxbjlhbnkd329x2nzmxo9zrhdgnqzi.png\" title=\"home1-min\" alt=\"home1-min\" loading=\"lazy\" \/>\t\t\t\t\t\t\t\t\t\t\t\t\t\t\t<\/div>\n\t\t\t\t<\/div>\n\t\t\t\t\t<\/div>\n\t\t<\/div>\n\t\t\t\t\t<\/div>\n\t\t<\/section>\n\t\t\t\t<div class=\"elementor-element elementor-element-baa39b6 sc_fly_static elementor-widget elementor-widget-spacer\" data-id=\"baa39b6\" data-element_type=\"widget\" data-e-type=\"widget\" data-widget_type=\"spacer.default\">\n\t\t\t\t<div class=\"elementor-widget-container\">\n\t\t\t\t\t\t\t<div class=\"elementor-spacer\">\n\t\t\t<div class=\"elementor-spacer-inner\"><\/div>\n\t\t<\/div>\n\t\t\t\t\t\t<\/div>\n\t\t\t\t<\/div>\n\t\t\t\t\t<\/div>\n\t\t<\/div>\n\t\t\t\t\t<\/div>\n\t\t<\/section>\n\t\t\t\t<section class=\"elementor-section elementor-top-section elementor-element elementor-element-f705c1a elementor-section-boxed elementor-section-height-default elementor-section-height-default sc_fly_static\" data-id=\"f705c1a\" data-element_type=\"section\" data-e-type=\"section\">\n\t\t\t\t\t\t<div class=\"elementor-container elementor-column-gap-extended\">\n\t\t\t\t\t<div class=\"elementor-column elementor-col-100 elementor-top-column elementor-element elementor-element-bffe7cf sc_content_align_inherit sc_layouts_column_icons_position_left sc_fly_static\" data-id=\"bffe7cf\" data-element_type=\"column\" data-e-type=\"column\">\n\t\t\t<div class=\"elementor-widget-wrap elementor-element-populated\">\n\t\t\t\t\t\t<section data-animation-type=\"sequental\" data-animation-stagger=\"\" class=\"elementor-section elementor-inner-section elementor-element elementor-element-e44e563 animation_type_sequental elementor-section-boxed elementor-section-height-default elementor-section-height-default sc_fly_static elementor-invisible\" data-id=\"e44e563\" data-element_type=\"section\" data-e-type=\"section\" data-settings=\"{&quot;animation&quot;:&quot;healthhub-fadeinup&quot;,&quot;animation_delay&quot;:100}\">\n\t\t\t\t\t\t<div class=\"elementor-container elementor-column-gap-extended\">\n\t\t\t\t\t<div class=\"elementor-column elementor-col-50 elementor-inner-column elementor-element elementor-element-1063b09 sc_content_align_inherit sc_layouts_column_icons_position_left sc_fly_static\" data-id=\"1063b09\" data-element_type=\"column\" data-e-type=\"column\">\n\t\t\t<div class=\"elementor-widget-wrap elementor-element-populated\">\n\t\t\t\t\t\t<div class=\"elementor-element elementor-element-2272b5a no-title sc_fly_static elementor-widget elementor-widget-image\" data-id=\"2272b5a\" data-element_type=\"widget\" data-e-type=\"widget\" data-widget_type=\"image.default\">\n\t\t\t\t<div class=\"elementor-widget-container\">\n\t\t\t\t\t\t\t\t\t\t\t\t\t\t\t<img decoding=\"async\" src=\"https:\/\/kefaia-trade.com\/wp-content\/uploads\/elementor\/thumbs\/office-building-2025-03-17-14-35-32-utc-min-scaled-rgbzj8atvkfbxy1ppn603bx3gdwc7rlrgzjyxv4fae.jpg\" title=\"office-building-2025-03-17-14-35-32-utc-min\" alt=\"office-building-2025-03-17-14-35-32-utc-min\" loading=\"lazy\" \/>\t\t\t\t\t\t\t\t\t\t\t\t\t\t\t<\/div>\n\t\t\t\t<\/div>\n\t\t\t\t\t<\/div>\n\t\t<\/div>\n\t\t\t\t<div class=\"elementor-column elementor-col-50 elementor-inner-column elementor-element elementor-element-ad6e433 sc_content_align_inherit sc_layouts_column_icons_position_left sc_fly_static\" data-id=\"ad6e433\" data-element_type=\"column\" data-e-type=\"column\">\n\t\t\t<div class=\"elementor-widget-wrap elementor-element-populated\">\n\t\t\t\t\t\t<div class=\"elementor-element elementor-element-c358c29 elementor-widget__width-initial sc_fly_static elementor-widget elementor-widget-trx_sc_title\" data-id=\"c358c29\" data-element_type=\"widget\" data-e-type=\"widget\" data-widget_type=\"trx_sc_title.default\">\n\t\t\t\t<div class=\"elementor-widget-container\">\n\t\t\t\t\t<div\t\tclass=\"sc_title sc_title_default\" ><h1 class=\"sc_item_title sc_title_title sc_item_title_style_default sc_item_title_tag\"\n\t\t\t><span class=\"sc_item_title_inner\"><span class=\"sc_item_title_text\"> Sales Representation<\/span><\/span><\/h1><div class=\"sc_item_descr sc_title_descr sc_item_descr_with_custom_color trx_addons_inline_1580825944\"><p>Since 2022, we have been representing several European brands in the German market \u2013 both in brick-and-mortar retail and e-commerce \u2013 and actively supporting them in market entry and growth.<br \/>\nDank unserer Erfahrung, Marktkenntnis und einem breiten Netzwerk positionieren wir Produkte strategisch und nachhaltig.<br \/>\nDabei sehen wir uns nicht nur als Vertriebspartner, sondern als aktiver Teil der Markenentwicklung und Markenerweiterung.<\/p>\n<\/div><\/div>\t\t\t\t<\/div>\n\t\t\t\t<\/div>\n\t\t\t\t<div class=\"elementor-element elementor-element-e9bea10 sc_fly_static elementor-widget elementor-widget-spacer\" data-id=\"e9bea10\" data-element_type=\"widget\" data-e-type=\"widget\" data-widget_type=\"spacer.default\">\n\t\t\t\t<div class=\"elementor-widget-container\">\n\t\t\t\t\t\t\t<div class=\"elementor-spacer\">\n\t\t\t<div class=\"elementor-spacer-inner\"><\/div>\n\t\t<\/div>\n\t\t\t\t\t\t<\/div>\n\t\t\t\t<\/div>\n\t\t\t\t<div class=\"elementor-element elementor-element-9a60b16 no-title sc_fly_static elementor-widget elementor-widget-image\" data-id=\"9a60b16\" data-element_type=\"widget\" data-e-type=\"widget\" data-widget_type=\"image.default\">\n\t\t\t\t<div class=\"elementor-widget-container\">\n\t\t\t\t\t\t\t\t\t\t\t\t\t\t\t<img decoding=\"async\" src=\"https:\/\/kefaia-trade.com\/wp-content\/uploads\/elementor\/thumbs\/the-exciting-encounter-between-a-seasoned-couple-a-2025-01-16-02-54-59-utc-min-scaled-rgbzig3pirzisqyw56iiuydn3t3f8vd1607l4m9c9q.jpg\" title=\"the-exciting-encounter-between-a-seasoned-couple-a-2025-01-16-02-54-59-utc-min\" alt=\"the-exciting-encounter-between-a-seasoned-couple-a-2025-01-16-02-54-59-utc-min\" loading=\"lazy\" \/>\t\t\t\t\t\t\t\t\t\t\t\t\t\t\t<\/div>\n\t\t\t\t<\/div>\n\t\t\t\t\t<\/div>\n\t\t<\/div>\n\t\t\t\t\t<\/div>\n\t\t<\/section>\n\t\t\t\t\t<\/div>\n\t\t<\/div>\n\t\t\t\t\t<\/div>\n\t\t<\/section>\n\t\t\t\t<section class=\"elementor-section elementor-top-section elementor-element elementor-element-e5c9567 elementor-section-boxed elementor-section-height-default elementor-section-height-default sc_fly_static\" data-id=\"e5c9567\" data-element_type=\"section\" data-e-type=\"section\">\n\t\t\t\t\t\t<div class=\"elementor-container elementor-column-gap-extended\">\n\t\t\t\t\t<div class=\"elementor-column elementor-col-100 elementor-top-column elementor-element elementor-element-dffede4 sc_content_align_inherit sc_layouts_column_icons_position_left sc_fly_static\" data-id=\"dffede4\" data-element_type=\"column\" data-e-type=\"column\">\n\t\t\t<div class=\"elementor-widget-wrap elementor-element-populated\">\n\t\t\t\t\t\t<div class=\"elementor-element elementor-element-2bc7562 sc_fly_static elementor-widget elementor-widget-spacer\" data-id=\"2bc7562\" data-element_type=\"widget\" data-e-type=\"widget\" data-widget_type=\"spacer.default\">\n\t\t\t\t<div class=\"elementor-widget-container\">\n\t\t\t\t\t\t\t<div class=\"elementor-spacer\">\n\t\t\t<div class=\"elementor-spacer-inner\"><\/div>\n\t\t<\/div>\n\t\t\t\t\t\t<\/div>\n\t\t\t\t<\/div>\n\t\t\t\t\t<\/div>\n\t\t<\/div>\n\t\t\t\t\t<\/div>\n\t\t<\/section>\n\t\t\t\t<section class=\"elementor-section elementor-top-section elementor-element elementor-element-53fefb5 elementor-section-boxed elementor-section-height-default elementor-section-height-default sc_fly_static\" data-id=\"53fefb5\" data-element_type=\"section\" data-e-type=\"section\">\n\t\t\t\t\t\t<div class=\"elementor-container elementor-column-gap-extended\">\n\t\t\t\t\t<div class=\"elementor-column elementor-col-100 elementor-top-column elementor-element elementor-element-97a38fa sc_content_align_inherit sc_layouts_column_icons_position_left sc_fly_static\" data-id=\"97a38fa\" data-element_type=\"column\" data-e-type=\"column\">\n\t\t\t<div class=\"elementor-widget-wrap elementor-element-populated\">\n\t\t\t\t\t\t<section data-animation-type=\"sequental\" data-animation-stagger=\"\" class=\"elementor-section elementor-inner-section elementor-element elementor-element-2abac8e animation_type_sequental elementor-section-boxed elementor-section-height-default elementor-section-height-default sc_fly_static elementor-invisible\" data-id=\"2abac8e\" data-element_type=\"section\" data-e-type=\"section\" data-settings=\"{&quot;animation&quot;:&quot;healthhub-fadeinup&quot;,&quot;animation_delay&quot;:100}\">\n\t\t\t\t\t\t<div class=\"elementor-container elementor-column-gap-extended\">\n\t\t\t\t\t<div class=\"elementor-column elementor-col-50 elementor-inner-column elementor-element elementor-element-1ec9c84 sc_content_align_inherit sc_layouts_column_icons_position_left sc_fly_static\" data-id=\"1ec9c84\" data-element_type=\"column\" data-e-type=\"column\">\n\t\t\t<div class=\"elementor-widget-wrap elementor-element-populated\">\n\t\t\t\t\t\t<div class=\"elementor-element elementor-element-d8d605d no-title sc_fly_static elementor-widget elementor-widget-image\" data-id=\"d8d605d\" data-element_type=\"widget\" data-e-type=\"widget\" data-widget_type=\"image.default\">\n\t\t\t\t<div class=\"elementor-widget-container\">\n\t\t\t\t\t\t\t\t\t\t\t\t\t\t\t<img decoding=\"async\" src=\"https:\/\/kefaia-trade.com\/wp-content\/uploads\/elementor\/thumbs\/female-hand-holding-phone-and-credit-card-2025-03-09-08-06-23-utc-min-scaled-rgbzizua623r1ge031icyw1y3x21aho6ftolmdgyue.jpg\" title=\"female-hand-holding-phone-and-credit-card-2025-03-09-08-06-23-utc-min\" alt=\"female-hand-holding-phone-and-credit-card-2025-03-09-08-06-23-utc-min\" loading=\"lazy\" \/>\t\t\t\t\t\t\t\t\t\t\t\t\t\t\t<\/div>\n\t\t\t\t<\/div>\n\t\t\t\t\t<\/div>\n\t\t<\/div>\n\t\t\t\t<div class=\"elementor-column elementor-col-50 elementor-inner-column elementor-element elementor-element-1ca01fb sc_content_align_inherit sc_layouts_column_icons_position_left sc_fly_static\" data-id=\"1ca01fb\" data-element_type=\"column\" data-e-type=\"column\">\n\t\t\t<div class=\"elementor-widget-wrap elementor-element-populated\">\n\t\t\t\t\t\t<div class=\"elementor-element elementor-element-399ec1f elementor-widget__width-initial sc_fly_static elementor-widget elementor-widget-trx_sc_title\" data-id=\"399ec1f\" data-element_type=\"widget\" data-e-type=\"widget\" data-widget_type=\"trx_sc_title.default\">\n\t\t\t\t<div class=\"elementor-widget-container\">\n\t\t\t\t\t<div\t\tclass=\"sc_title sc_title_default\" ><h1 class=\"sc_item_title sc_title_title sc_item_title_style_default sc_item_title_tag\"\n\t\t\t><span class=\"sc_item_title_inner\"><span class=\"sc_item_title_text\">E-Commerce Consulting<\/span><\/span><\/h1><div class=\"sc_item_descr sc_title_descr sc_item_descr_with_custom_color trx_addons_inline_1924267018\"><p>Since 2025, we have been supporting established brands and growing companies in optimizing their performance in online retail. Our focus is on data-driven strategies, practical implementation, and in-depth market experience. <\/p>\n<p>Whether on Amazon, in their own online store, or on international marketplaces \u2013 we help our partners increase their conversion rate, improve customer experiences, and achieve sustainable growth. <br \/>\nWe support our partners from analysis to optimization and long-term scaling.<\/p>\n<\/div><\/div>\t\t\t\t<\/div>\n\t\t\t\t<\/div>\n\t\t\t\t<div class=\"elementor-element elementor-element-fb5a6bb sc_fly_static elementor-widget elementor-widget-spacer\" data-id=\"fb5a6bb\" data-element_type=\"widget\" data-e-type=\"widget\" data-widget_type=\"spacer.default\">\n\t\t\t\t<div class=\"elementor-widget-container\">\n\t\t\t\t\t\t\t<div class=\"elementor-spacer\">\n\t\t\t<div class=\"elementor-spacer-inner\"><\/div>\n\t\t<\/div>\n\t\t\t\t\t\t<\/div>\n\t\t\t\t<\/div>\n\t\t\t\t<div class=\"elementor-element elementor-element-e5f3de4 no-title sc_fly_static elementor-widget elementor-widget-image\" data-id=\"e5f3de4\" data-element_type=\"widget\" data-e-type=\"widget\" data-widget_type=\"image.default\">\n\t\t\t\t<div class=\"elementor-widget-container\">\n\t\t\t\t\t\t\t\t\t\t\t\t\t\t\t<img decoding=\"async\" src=\"https:\/\/kefaia-trade.com\/wp-content\/uploads\/elementor\/thumbs\/credit-card-and-cardboard-box-with-a-shopping-cart-2025-01-08-17-27-18-utc-min-scaled-rgbzhuhf5l5xdpuanf63rlu1fy1zbtz7f17f395e8u.jpg\" title=\"credit-card-and-cardboard-box-with-a-shopping-cart-2025-01-08-17-27-18-utc-min\" alt=\"credit-card-and-cardboard-box-with-a-shopping-cart-2025-01-08-17-27-18-utc-min\" loading=\"lazy\" \/>\t\t\t\t\t\t\t\t\t\t\t\t\t\t\t<\/div>\n\t\t\t\t<\/div>\n\t\t\t\t\t<\/div>\n\t\t<\/div>\n\t\t\t\t\t<\/div>\n\t\t<\/section>\n\t\t\t\t\t<\/div>\n\t\t<\/div>\n\t\t\t\t\t<\/div>\n\t\t<\/section>\n\t\t\t\t<section class=\"elementor-section elementor-top-section elementor-element elementor-element-bcddb93 elementor-section-boxed elementor-section-height-default elementor-section-height-default sc_fly_static\" data-id=\"bcddb93\" data-element_type=\"section\" data-e-type=\"section\">\n\t\t\t\t\t\t<div class=\"elementor-container elementor-column-gap-extended\">\n\t\t\t\t\t<div class=\"elementor-column elementor-col-100 elementor-top-column elementor-element elementor-element-275d8ec sc_content_align_inherit sc_layouts_column_icons_position_left sc_fly_static\" data-id=\"275d8ec\" data-element_type=\"column\" data-e-type=\"column\">\n\t\t\t<div class=\"elementor-widget-wrap elementor-element-populated\">\n\t\t\t\t\t\t<div class=\"elementor-element elementor-element-68f74f8 sc_fly_static elementor-widget elementor-widget-spacer\" data-id=\"68f74f8\" data-element_type=\"widget\" data-e-type=\"widget\" data-widget_type=\"spacer.default\">\n\t\t\t\t<div class=\"elementor-widget-container\">\n\t\t\t\t\t\t\t<div class=\"elementor-spacer\">\n\t\t\t<div class=\"elementor-spacer-inner\"><\/div>\n\t\t<\/div>\n\t\t\t\t\t\t<\/div>\n\t\t\t\t<\/div>\n\t\t\t\t\t<\/div>\n\t\t<\/div>\n\t\t\t\t\t<\/div>\n\t\t<\/section>\n\t\t\t\t<\/div>","protected":false},"excerpt":{"rendered":"<p>Dienstleistungen Gro\u00dfhandel Wir sind seit mehr als einem Jahrzehnt ein verl\u00e4sslicher Partner im internationalen Gro\u00dfhandel. Unser Sortiment umfasst hochwertige Pflegeprodukte (u.\u202fa. unter unserer Marke Harmony Care), Wellnessartikel (u.\u202fa. unter unserer&hellip;<\/p>","protected":false},"author":2,"featured_media":0,"parent":0,"menu_order":0,"comment_status":"closed","ping_status":"closed","template":"","meta":{"footnotes":""},"class_list":["post-59108","page","type-page","status-publish","hentry"],"_links":{"self":[{"href":"https:\/\/kefaia-trade.com\/en\/wp-json\/wp\/v2\/pages\/59108","targetHints":{"allow":["GET"]}}],"collection":[{"href":"https:\/\/kefaia-trade.com\/en\/wp-json\/wp\/v2\/pages"}],"about":[{"href":"https:\/\/kefaia-trade.com\/en\/wp-json\/wp\/v2\/types\/page"}],"author":[{"embeddable":true,"href":"https:\/\/kefaia-trade.com\/en\/wp-json\/wp\/v2\/users\/2"}],"replies":[{"embeddable":true,"href":"https:\/\/kefaia-trade.com\/en\/wp-json\/wp\/v2\/comments?post=59108"}],"version-history":[{"count":5,"href":"https:\/\/kefaia-trade.com\/en\/wp-json\/wp\/v2\/pages\/59108\/revisions"}],"predecessor-version":[{"id":59227,"href":"https:\/\/kefaia-trade.com\/en\/wp-json\/wp\/v2\/pages\/59108\/revisions\/59227"}],"wp:attachment":[{"href":"https:\/\/kefaia-trade.com\/en\/wp-json\/wp\/v2\/media?parent=59108"}],"curies":[{"name":"wp","href":"https:\/\/api.w.org\/{rel}","templated":true}]}}